{"id":1971,"date":"2026-03-06T11:57:53","date_gmt":"2026-03-06T10:57:53","guid":{"rendered":"https:\/\/enriqueamat.es\/?page_id=1971"},"modified":"2026-04-16T12:01:09","modified_gmt":"2026-04-16T10:01:09","slug":"sobre-enrique-amat","status":"publish","type":"page","link":"https:\/\/enriqueamat.es\/en\/sobre-enrique-amat\/","title":{"rendered":"Abogado en Murcia Centro | Amat Abogados"},"content":{"rendered":"<div data-elementor-type=\"wp-post\" data-elementor-id=\"1971\" class=\"elementor elementor-1971\">\n\t\t\t\t<div class=\"elementor-element elementor-element-b200fad e-con-full e-flex e-con e-parent\" data-id=\"b200fad\" data-element_type=\"container\" data-settings=\"{&quot;background_background&quot;:&quot;video&quot;,&quot;background_video_link&quot;:&quot;http:\\\/\\\/enriqueamat.es\\\/wp-content\\\/uploads\\\/2026\\\/03\\\/fondo-b.mp4&quot;}\">\n\t\t<div class=\"elementor-background-video-container elementor-hidden-mobile\" aria-hidden=\"true\">\n\t\t\t\t\t\t\t<video class=\"elementor-background-video-hosted\" autoplay muted playsinline loop><\/video>\n\t\t\t\t\t<\/div>\t\t<\/div>\n\t\t<div class=\"elementor-element elementor-element-ebafe9d e-grid e-con-full e-con e-parent\" data-id=\"ebafe9d\" data-element_type=\"container\">\n\t\t<div class=\"elementor-element elementor-element-4c9bf13 e-con-full e-flex e-con e-child\" data-id=\"4c9bf13\" data-element_type=\"container\" data-settings=\"{&quot;background_background&quot;:&quot;classic&quot;}\">\n\t\t\t\t<\/div>\n\t\t<div class=\"elementor-element elementor-element-ca33720 e-flex e-con-boxed e-con e-child\" data-id=\"ca33720\" data-element_type=\"container\">\n\t\t\t\t\t<div class=\"e-con-inner\">\n\t\t\t\t<div class=\"elementor-element elementor-element-e090b41 elementor-widget elementor-widget-heading\" data-id=\"e090b41\" data-element_type=\"widget\" data-widget_type=\"heading.default\">\n\t\t\t\t<div class=\"elementor-widget-container\">\n\t\t\t\t\t<h2 class=\"elementor-heading-title elementor-size-default\">Enrique Amat<\/h2>\t\t\t\t<\/div>\n\t\t\t\t<\/div>\n\t\t\t\t<div class=\"elementor-element elementor-element-4becd69 elementor-widget elementor-widget-text-editor\" data-id=\"4becd69\" data-element_type=\"widget\" data-widget_type=\"text-editor.default\">\n\t\t\t\t<div class=\"elementor-widget-container\">\n\t\t\t\t\t\t\t\t\t<p>Abogado en Murcia<\/p>\t\t\t\t\t\t\t\t<\/div>\n\t\t\t\t<\/div>\n\t\t<div class=\"elementor-element elementor-element-7da4ba2 e-con-full e-flex e-con e-child\" data-id=\"7da4ba2\" data-element_type=\"container\">\n\t\t\t\t<div class=\"elementor-element elementor-element-a85e076 elementor-view-default elementor-widget elementor-widget-icon\" data-id=\"a85e076\" data-element_type=\"widget\" data-widget_type=\"icon.default\">\n\t\t\t\t<div class=\"elementor-widget-container\">\n\t\t\t\t\t\t\t<div class=\"elementor-icon-wrapper\">\n\t\t\t<div class=\"elementor-icon\">\n\t\t\t<i aria-hidden=\"true\" class=\"fas fa-balance-scale-right\"><\/i>\t\t\t<\/div>\n\t\t<\/div>\n\t\t\t\t\t\t<\/div>\n\t\t\t\t<\/div>\n\t\t\t\t<div class=\"elementor-element elementor-element-23cc611 elementor-widget elementor-widget-text-editor\" data-id=\"23cc611\" data-element_type=\"widget\" data-widget_type=\"text-editor.default\">\n\t\t\t\t<div class=\"elementor-widget-container\">\n\t\t\t\t\t\t\t\t\t<p><strong>N\u00ba DE COLEGIADO<br \/><\/strong>7383<\/p>\t\t\t\t\t\t\t\t<\/div>\n\t\t\t\t<\/div>\n\t\t\t\t<div class=\"elementor-element elementor-element-d01c1aa elementor-view-default elementor-widget elementor-widget-icon\" data-id=\"d01c1aa\" data-element_type=\"widget\" data-widget_type=\"icon.default\">\n\t\t\t\t<div class=\"elementor-widget-container\">\n\t\t\t\t\t\t\t<div class=\"elementor-icon-wrapper\">\n\t\t\t<div class=\"elementor-icon\">\n\t\t\t<i aria-hidden=\"true\" class=\"fas fa-envelope\"><\/i>\t\t\t<\/div>\n\t\t<\/div>\n\t\t\t\t\t\t<\/div>\n\t\t\t\t<\/div>\n\t\t\t\t<div class=\"elementor-element elementor-element-9d44bcb elementor-widget elementor-widget-text-editor\" data-id=\"9d44bcb\" data-element_type=\"widget\" data-widget_type=\"text-editor.default\">\n\t\t\t\t<div class=\"elementor-widget-container\">\n\t\t\t\t\t\t\t\t\t<p><strong>EMAIL<br \/><\/strong>enriqueamat@enriqueamat.es<\/p>\t\t\t\t\t\t\t\t<\/div>\n\t\t\t\t<\/div>\n\t\t\t\t<\/div>\n\t\t\t\t<div class=\"elementor-element elementor-element-ba94f45 elementor-widget-divider--view-line elementor-widget elementor-widget-divider\" data-id=\"ba94f45\" data-element_type=\"widget\" data-widget_type=\"divider.default\">\n\t\t\t\t<div class=\"elementor-widget-container\">\n\t\t\t\t\t\t\t<div class=\"elementor-divider\">\n\t\t\t<span class=\"elementor-divider-separator\">\n\t\t\t\t\t\t<\/span>\n\t\t<\/div>\n\t\t\t\t\t\t<\/div>\n\t\t\t\t<\/div>\n\t\t\t\t<div class=\"elementor-element elementor-element-e3ffb9c elementor-widget elementor-widget-text-editor\" data-id=\"e3ffb9c\" data-element_type=\"widget\" data-widget_type=\"text-editor.default\">\n\t\t\t\t<div class=\"elementor-widget-container\">\n\t\t\t\t\t\t\t\t\t<p><b>Experto en compliance<\/b>\u00a0y prevenci\u00f3n de delito en la empresa, con defensa jur\u00eddica de la misma y sus consejeros. Adem\u00e1s, experto en derecho civil y bancario, y experimentado mediador de conflictos de personas f\u00edsicas o jur\u00eddicas.<\/p>\t\t\t\t\t\t\t\t<\/div>\n\t\t\t\t<\/div>\n\t\t\t\t\t<\/div>\n\t\t\t\t<\/div>\n\t\t\t\t<\/div>\n\t\t<div class=\"elementor-element elementor-element-2c3b654 e-grid e-con-full e-con e-parent\" data-id=\"2c3b654\" data-element_type=\"container\">\n\t\t<div class=\"elementor-element elementor-element-b50c466 e-flex e-con-boxed e-con e-child\" data-id=\"b50c466\" data-element_type=\"container\">\n\t\t\t\t\t<div class=\"e-con-inner\">\n\t\t\t\t<div class=\"elementor-element elementor-element-3ccb596 elementor-widget elementor-widget-heading\" data-id=\"3ccb596\" data-element_type=\"widget\" data-widget_type=\"heading.default\">\n\t\t\t\t<div class=\"elementor-widget-container\">\n\t\t\t\t\t<h2 class=\"elementor-heading-title elementor-size-default\">Educaci\u00f3n y biograf\u00eda<\/h2>\t\t\t\t<\/div>\n\t\t\t\t<\/div>\n\t\t\t\t<div class=\"elementor-element elementor-element-7d44bc0 elementor-widget elementor-widget-text-editor\" data-id=\"7d44bc0\" data-element_type=\"widget\" data-widget_type=\"text-editor.default\">\n\t\t\t\t<div class=\"elementor-widget-container\">\n\t\t\t\t\t\t\t\t\t<p class=\"datos-enrique\"><strong>Estudios<\/strong><\/p><p>Licenciado en Derecho por la Universidad de Murcia, curso de adaptaci\u00f3n a nuevas normas ISO 9001:2017 e ISO 14001:2015 impartido por AENOR y curso de experto de ComplianceOfficer impartido por Aranzadi Formaci\u00f3n (Thomson Reuters).<\/p><p class=\"datos-enrique\"><strong>Enfoque<\/strong><\/p><p>Formaci\u00f3n y sensibilizaci\u00f3n en el seno de la Empresa, sobresaliente trato con los clientes dada experiencia acreditada y enfoque hacia las necesidades espec\u00edficas de cada cliente.<\/p><p class=\"datos-enrique\"><strong>Experiencia<\/strong><\/p><p>Con m\u00e1s de 10 a\u00f1os de experiencia en implementaci\u00f3n de sistemas de calidad y medioambiente (ISO 9001:2015 e ISO 14001:2015), y en an\u00e1lisis de riegos e implementaci\u00f3n de sistemas de control y prevenci\u00f3n del delito (Compliance).<\/p>\t\t\t\t\t\t\t\t<\/div>\n\t\t\t\t<\/div>\n\t\t\t\t\t<\/div>\n\t\t\t\t<\/div>\n\t\t<div class=\"elementor-element elementor-element-1fd7504 e-con-full e-flex e-con e-child\" data-id=\"1fd7504\" data-element_type=\"container\" data-settings=\"{&quot;background_background&quot;:&quot;classic&quot;}\">\n\t\t<div class=\"elementor-element elementor-element-5de4598 e-con-full e-flex e-con e-child\" data-id=\"5de4598\" data-element_type=\"container\">\n\t\t\t\t<div class=\"elementor-element elementor-element-02e3e27 elementor-view-default elementor-widget elementor-widget-icon\" data-id=\"02e3e27\" data-element_type=\"widget\" data-widget_type=\"icon.default\">\n\t\t\t\t<div class=\"elementor-widget-container\">\n\t\t\t\t\t\t\t<div class=\"elementor-icon-wrapper\">\n\t\t\t<div class=\"elementor-icon\">\n\t\t\t<i aria-hidden=\"true\" class=\"fas fa-balance-scale-right\"><\/i>\t\t\t<\/div>\n\t\t<\/div>\n\t\t\t\t\t\t<\/div>\n\t\t\t\t<\/div>\n\t\t\t\t<div class=\"elementor-element elementor-element-3f034cb elementor-widget elementor-widget-text-editor\" data-id=\"3f034cb\" data-element_type=\"widget\" data-widget_type=\"text-editor.default\">\n\t\t\t\t<div class=\"elementor-widget-container\">\n\t\t\t\t\t\t\t\t\t<div class=\"apartado-lista\"><div class=\"texto-lista\"><p><strong>150 CASOS RESUELTOS<\/strong><\/p><\/div><\/div>\t\t\t\t\t\t\t\t<\/div>\n\t\t\t\t<\/div>\n\t\t\t\t<\/div>\n\t\t<div class=\"elementor-element elementor-element-73f02c9 e-con-full e-flex e-con e-child\" data-id=\"73f02c9\" data-element_type=\"container\">\n\t\t\t\t<div class=\"elementor-element elementor-element-0b78fe9 elementor-view-default elementor-widget elementor-widget-icon\" data-id=\"0b78fe9\" data-element_type=\"widget\" data-widget_type=\"icon.default\">\n\t\t\t\t<div class=\"elementor-widget-container\">\n\t\t\t\t\t\t\t<div class=\"elementor-icon-wrapper\">\n\t\t\t<div class=\"elementor-icon\">\n\t\t\t<i aria-hidden=\"true\" class=\"fas fa-balance-scale-right\"><\/i>\t\t\t<\/div>\n\t\t<\/div>\n\t\t\t\t\t\t<\/div>\n\t\t\t\t<\/div>\n\t\t\t\t<div class=\"elementor-element elementor-element-a72353d elementor-widget elementor-widget-text-editor\" data-id=\"a72353d\" data-element_type=\"widget\" data-widget_type=\"text-editor.default\">\n\t\t\t\t<div class=\"elementor-widget-container\">\n\t\t\t\t\t\t\t\t\t<p><strong>250 CLIENTES<\/strong><\/p>\t\t\t\t\t\t\t\t<\/div>\n\t\t\t\t<\/div>\n\t\t\t\t<\/div>\n\t\t<div class=\"elementor-element elementor-element-b37e046 e-con-full e-flex e-con e-child\" data-id=\"b37e046\" data-element_type=\"container\">\n\t\t\t\t<div class=\"elementor-element elementor-element-a479872 elementor-view-default elementor-widget elementor-widget-icon\" data-id=\"a479872\" data-element_type=\"widget\" data-widget_type=\"icon.default\">\n\t\t\t\t<div class=\"elementor-widget-container\">\n\t\t\t\t\t\t\t<div class=\"elementor-icon-wrapper\">\n\t\t\t<div class=\"elementor-icon\">\n\t\t\t<i aria-hidden=\"true\" class=\"fas fa-balance-scale-right\"><\/i>\t\t\t<\/div>\n\t\t<\/div>\n\t\t\t\t\t\t<\/div>\n\t\t\t\t<\/div>\n\t\t\t\t<div class=\"elementor-element elementor-element-c0349dd elementor-widget elementor-widget-text-editor\" data-id=\"c0349dd\" data-element_type=\"widget\" data-widget_type=\"text-editor.default\">\n\t\t\t\t<div class=\"elementor-widget-container\">\n\t\t\t\t\t\t\t\t\t<p><strong>10 A\u00d1OS DE EXPERIENCIA<\/strong><\/p>\t\t\t\t\t\t\t\t<\/div>\n\t\t\t\t<\/div>\n\t\t\t\t<\/div>\n\t\t<div class=\"elementor-element elementor-element-b1fb4cd e-con-full e-flex e-con e-child\" data-id=\"b1fb4cd\" data-element_type=\"container\">\n\t\t\t\t<div class=\"elementor-element elementor-element-15d42da elementor-view-default elementor-widget elementor-widget-icon\" data-id=\"15d42da\" data-element_type=\"widget\" data-widget_type=\"icon.default\">\n\t\t\t\t<div class=\"elementor-widget-container\">\n\t\t\t\t\t\t\t<div class=\"elementor-icon-wrapper\">\n\t\t\t<div class=\"elementor-icon\">\n\t\t\t<i aria-hidden=\"true\" class=\"fas fa-balance-scale-right\"><\/i>\t\t\t<\/div>\n\t\t<\/div>\n\t\t\t\t\t\t<\/div>\n\t\t\t\t<\/div>\n\t\t\t\t<div class=\"elementor-element elementor-element-86ba613 elementor-widget elementor-widget-text-editor\" data-id=\"86ba613\" data-element_type=\"widget\" data-widget_type=\"text-editor.default\">\n\t\t\t\t<div class=\"elementor-widget-container\">\n\t\t\t\t\t\t\t\t\t<p><strong>100 EFICIENCIA Y SATISFACCI\u00d3N<\/strong><\/p>\t\t\t\t\t\t\t\t<\/div>\n\t\t\t\t<\/div>\n\t\t\t\t<\/div>\n\t\t\t\t<\/div>\n\t\t\t\t<\/div>\n\t\t<div class=\"elementor-element elementor-element-abaf8be e-grid e-con-full e-con e-parent\" data-id=\"abaf8be\" data-element_type=\"container\">\n\t\t<div class=\"elementor-element elementor-element-973e2fb e-con-full e-flex e-con e-child\" data-id=\"973e2fb\" data-element_type=\"container\" data-settings=\"{&quot;background_background&quot;:&quot;classic&quot;}\">\n\t\t\t\t<div class=\"elementor-element elementor-element-1f821a5 elementor-widget elementor-widget-heading\" data-id=\"1f821a5\" data-element_type=\"widget\" data-widget_type=\"heading.default\">\n\t\t\t\t<div class=\"elementor-widget-container\">\n\t\t\t\t\t<h2 class=\"elementor-heading-title elementor-size-default\">CONTACTA CON ENRIQUE AMAT<\/h2>\t\t\t\t<\/div>\n\t\t\t\t<\/div>\n\t\t\t\t<div class=\"elementor-element elementor-element-0c7440f elementor-widget-divider--view-line elementor-widget elementor-widget-divider\" data-id=\"0c7440f\" data-element_type=\"widget\" data-widget_type=\"divider.default\">\n\t\t\t\t<div class=\"elementor-widget-container\">\n\t\t\t\t\t\t\t<div class=\"elementor-divider\">\n\t\t\t<span class=\"elementor-divider-separator\">\n\t\t\t\t\t\t<\/span>\n\t\t<\/div>\n\t\t\t\t\t\t<\/div>\n\t\t\t\t<\/div>\n\t\t\t\t<div class=\"elementor-element elementor-element-3680c0e elementor-widget elementor-widget-button\" data-id=\"3680c0e\" data-element_type=\"widget\" data-widget_type=\"button.default\">\n\t\t\t\t<div class=\"elementor-widget-container\">\n\t\t\t\t\t\t\t\t\t<div class=\"elementor-button-wrapper\">\n\t\t\t\t\t<a class=\"elementor-button elementor-button-link elementor-size-sm\" href=\"https:\/\/enriqueamat.es\/en\/contacto-enrique-amat\/\">\n\t\t\t\t\t\t<span class=\"elementor-button-content-wrapper\">\n\t\t\t\t\t\t\t\t\t<span class=\"elementor-button-text\">CONTACTO<\/span>\n\t\t\t\t\t<\/span>\n\t\t\t\t\t<\/a>\n\t\t\t\t<\/div>\n\t\t\t\t\t\t\t\t<\/div>\n\t\t\t\t<\/div>\n\t\t\t\t<\/div>\n\t\t\t\t<\/div>\n\t\t\t\t<\/div>","protected":false},"excerpt":{"rendered":"<p>Enrique Amat Abogado en Murcia N\u00ba DE COLEGIADO7383 EMAILenriqueamat@enriqueamat.es Experto en compliance\u00a0y prevenci\u00f3n de delito en la empresa, con defensa jur\u00eddica de la misma y sus consejeros. Adem\u00e1s, experto en derecho civil y bancario, y experimentado mediador de conflictos de personas f\u00edsicas o jur\u00eddicas. Educaci\u00f3n y biograf\u00eda Estudios Licenciado en Derecho por la Universidad de [&hellip;]<\/p>\n","protected":false},"author":1,"featured_media":0,"parent":0,"menu_order":0,"comment_status":"closed","ping_status":"closed","template":"","meta":{"site-sidebar-layout":"no-sidebar","site-content-layout":"page-builder","ast-site-content-layout":"full-width-container","site-content-style":"unboxed","site-sidebar-style":"unboxed","ast-global-header-display":"","ast-banner-title-visibility":"","ast-main-header-display":"","ast-hfb-above-header-display":"","ast-hfb-below-header-display":"","ast-hfb-mobile-header-display":"","site-post-title":"disabled","ast-breadcrumbs-content":"","ast-featured-img":"disabled","footer-sml-layout":"","theme-transparent-header-meta":"enabled","adv-header-id-meta":"","stick-header-meta":"","header-above-stick-meta":"","header-main-stick-meta":"","header-below-stick-meta":"","astra-migrate-meta-layouts":"set","ast-page-background-enabled":"default","ast-page-background-meta":{"desktop":{"background-color":"","background-image":"","background-repeat":"repeat","background-position":"center center","background-size":"auto","background-attachment":"scroll","background-type":"","background-media":"","overlay-type":"","overlay-color":"","overlay-opacity":"","overlay-gradient":""},"tablet":{"background-color":"","background-image":"","background-repeat":"repeat","background-position":"center center","background-size":"auto","background-attachment":"scroll","background-type":"","background-media":"","overlay-type":"","overlay-color":"","overlay-opacity":"","overlay-gradient":""},"mobile":{"background-color":"","background-image":"","background-repeat":"repeat","background-position":"center center","background-size":"auto","background-attachment":"scroll","background-type":"","background-media":"","overlay-type":"","overlay-color":"","overlay-opacity":"","overlay-gradient":""}},"ast-content-background-meta":{"desktop":{"background-color":"var(--ast-global-color-5)","background-image":"","background-repeat":"repeat","background-position":"center center","background-size":"auto","background-attachment":"scroll","background-type":"","background-media":"","overlay-type":"","overlay-color":"","overlay-opacity":"","overlay-gradient":""},"tablet":{"background-color":"var(--ast-global-color-5)","background-image":"","background-repeat":"repeat","background-position":"center center","background-size":"auto","background-attachment":"scroll","background-type":"","background-media":"","overlay-type":"","overlay-color":"","overlay-opacity":"","overlay-gradient":""},"mobile":{"background-color":"var(--ast-global-color-5)","background-image":"","background-repeat":"repeat","background-position":"center center","background-size":"auto","background-attachment":"scroll","background-type":"","background-media":"","overlay-type":"","overlay-color":"","overlay-opacity":"","overlay-gradient":""}},"footnotes":""},"class_list":["post-1971","page","type-page","status-publish","hentry"],"yoast_head":"<!-- This site is optimized with the Yoast SEO plugin v26.4 - https:\/\/yoast.com\/wordpress\/plugins\/seo\/ -->\n<title>Abogado en Murcia Centro | Amat Abogados -<\/title>\n<meta name=\"description\" content=\"Experto en compliance y prevenci\u00f3n de delito en la empresa, con defensa jur\u00eddica de la misma y sus consejeros.\" \/>\n<meta name=\"robots\" content=\"index, follow, max-snippet:-1, max-image-preview:large, max-video-preview:-1\" \/>\n<link rel=\"canonical\" href=\"https:\/\/enriqueamat.es\/en\/sobre-enrique-amat\/\" \/>\n<meta property=\"og:locale\" content=\"en_GB\" \/>\n<meta property=\"og:type\" content=\"article\" \/>\n<meta property=\"og:title\" content=\"Abogado en Murcia Centro | Amat Abogados -\" \/>\n<meta property=\"og:description\" content=\"Experto en compliance y prevenci\u00f3n de delito en la empresa, con defensa jur\u00eddica de la misma y sus consejeros.\" \/>\n<meta property=\"og:url\" content=\"https:\/\/enriqueamat.es\/en\/sobre-enrique-amat\/\" \/>\n<meta property=\"article:modified_time\" content=\"2026-04-16T10:01:09+00:00\" \/>\n<meta name=\"twitter:card\" content=\"summary_large_image\" \/>\n<meta name=\"twitter:label1\" content=\"Estimated reading time\" \/>\n\t<meta name=\"twitter:data1\" content=\"1 minute\" \/>\n<script type=\"application\/ld+json\" class=\"yoast-schema-graph\">{\"@context\":\"https:\/\/schema.org\",\"@graph\":[{\"@type\":\"WebPage\",\"@id\":\"https:\/\/enriqueamat.es\/sobre-enrique-amat\/\",\"url\":\"https:\/\/enriqueamat.es\/sobre-enrique-amat\/\",\"name\":\"Abogado en Murcia Centro | Amat Abogados -\",\"isPartOf\":{\"@id\":\"https:\/\/enriqueamat.es\/#website\"},\"datePublished\":\"2026-03-06T10:57:53+00:00\",\"dateModified\":\"2026-04-16T10:01:09+00:00\",\"description\":\"Experto en compliance y prevenci\u00f3n de delito en la empresa, con defensa jur\u00eddica de la misma y sus consejeros.\",\"breadcrumb\":{\"@id\":\"https:\/\/enriqueamat.es\/sobre-enrique-amat\/#breadcrumb\"},\"inLanguage\":\"en-GB\",\"potentialAction\":[{\"@type\":\"ReadAction\",\"target\":[\"https:\/\/enriqueamat.es\/sobre-enrique-amat\/\"]}]},{\"@type\":\"BreadcrumbList\",\"@id\":\"https:\/\/enriqueamat.es\/sobre-enrique-amat\/#breadcrumb\",\"itemListElement\":[{\"@type\":\"ListItem\",\"position\":1,\"name\":\"Portada\",\"item\":\"https:\/\/enriqueamat.es\/\"},{\"@type\":\"ListItem\",\"position\":2,\"name\":\"Abogado en Murcia Centro | Amat Abogados\"}]},{\"@type\":\"WebSite\",\"@id\":\"https:\/\/enriqueamat.es\/#website\",\"url\":\"https:\/\/enriqueamat.es\/\",\"name\":\"\",\"description\":\"\",\"potentialAction\":[{\"@type\":\"SearchAction\",\"target\":{\"@type\":\"EntryPoint\",\"urlTemplate\":\"https:\/\/enriqueamat.es\/?s={search_term_string}\"},\"query-input\":{\"@type\":\"PropertyValueSpecification\",\"valueRequired\":true,\"valueName\":\"search_term_string\"}}],\"inLanguage\":\"en-GB\"}]}<\/script>\n<!-- \/ Yoast SEO plugin. -->","yoast_head_json":{"title":"Abogado en Murcia Centro | Amat Abogados -","description":"Experto en compliance y prevenci\u00f3n de delito en la empresa, con defensa jur\u00eddica de la misma y sus consejeros.","robots":{"index":"index","follow":"follow","max-snippet":"max-snippet:-1","max-image-preview":"max-image-preview:large","max-video-preview":"max-video-preview:-1"},"canonical":"https:\/\/enriqueamat.es\/en\/sobre-enrique-amat\/","og_locale":"en_GB","og_type":"article","og_title":"Abogado en Murcia Centro | Amat Abogados -","og_description":"Experto en compliance y prevenci\u00f3n de delito en la empresa, con defensa jur\u00eddica de la misma y sus consejeros.","og_url":"https:\/\/enriqueamat.es\/en\/sobre-enrique-amat\/","article_modified_time":"2026-04-16T10:01:09+00:00","twitter_card":"summary_large_image","twitter_misc":{"Estimated reading time":"1 minute"},"schema":{"@context":"https:\/\/schema.org","@graph":[{"@type":"WebPage","@id":"https:\/\/enriqueamat.es\/sobre-enrique-amat\/","url":"https:\/\/enriqueamat.es\/sobre-enrique-amat\/","name":"Abogado en Murcia Centro | Amat Abogados -","isPartOf":{"@id":"https:\/\/enriqueamat.es\/#website"},"datePublished":"2026-03-06T10:57:53+00:00","dateModified":"2026-04-16T10:01:09+00:00","description":"Experto en compliance y prevenci\u00f3n de delito en la empresa, con defensa jur\u00eddica de la misma y sus consejeros.","breadcrumb":{"@id":"https:\/\/enriqueamat.es\/sobre-enrique-amat\/#breadcrumb"},"inLanguage":"en-GB","potentialAction":[{"@type":"ReadAction","target":["https:\/\/enriqueamat.es\/sobre-enrique-amat\/"]}]},{"@type":"BreadcrumbList","@id":"https:\/\/enriqueamat.es\/sobre-enrique-amat\/#breadcrumb","itemListElement":[{"@type":"ListItem","position":1,"name":"Portada","item":"https:\/\/enriqueamat.es\/"},{"@type":"ListItem","position":2,"name":"Abogado en Murcia Centro | Amat Abogados"}]},{"@type":"WebSite","@id":"https:\/\/enriqueamat.es\/#website","url":"https:\/\/enriqueamat.es\/","name":"","description":"","potentialAction":[{"@type":"SearchAction","target":{"@type":"EntryPoint","urlTemplate":"https:\/\/enriqueamat.es\/?s={search_term_string}"},"query-input":{"@type":"PropertyValueSpecification","valueRequired":true,"valueName":"search_term_string"}}],"inLanguage":"en-GB"}]}},"_links":{"self":[{"href":"https:\/\/enriqueamat.es\/en\/wp-json\/wp\/v2\/pages\/1971","targetHints":{"allow":["GET"]}}],"collection":[{"href":"https:\/\/enriqueamat.es\/en\/wp-json\/wp\/v2\/pages"}],"about":[{"href":"https:\/\/enriqueamat.es\/en\/wp-json\/wp\/v2\/types\/page"}],"author":[{"embeddable":true,"href":"https:\/\/enriqueamat.es\/en\/wp-json\/wp\/v2\/users\/1"}],"replies":[{"embeddable":true,"href":"https:\/\/enriqueamat.es\/en\/wp-json\/wp\/v2\/comments?post=1971"}],"version-history":[{"count":6,"href":"https:\/\/enriqueamat.es\/en\/wp-json\/wp\/v2\/pages\/1971\/revisions"}],"predecessor-version":[{"id":2088,"href":"https:\/\/enriqueamat.es\/en\/wp-json\/wp\/v2\/pages\/1971\/revisions\/2088"}],"wp:attachment":[{"href":"https:\/\/enriqueamat.es\/en\/wp-json\/wp\/v2\/media?parent=1971"}],"curies":[{"name":"wp","href":"https:\/\/api.w.org\/{rel}","templated":true}]}}