{"id":1817,"date":"2025-12-02T11:31:42","date_gmt":"2025-12-02T10:31:42","guid":{"rendered":"https:\/\/dev.maicrosoft.eu\/elrincondeharo\/?page_id=1817"},"modified":"2025-12-03T09:34:17","modified_gmt":"2025-12-03T08:34:17","slug":"mapa-del-sitio","status":"publish","type":"page","link":"https:\/\/enriqueamat.es\/en\/mapa-del-sitio\/","title":{"rendered":"Mapa del sitio"},"content":{"rendered":"<div data-elementor-type=\"wp-post\" data-elementor-id=\"1817\" class=\"elementor elementor-1817\">\n\t\t\t\t<div class=\"elementor-element elementor-element-b200fad e-flex e-con-boxed e-con e-parent\" data-id=\"b200fad\" data-element_type=\"container\" data-settings=\"{&quot;background_background&quot;:&quot;classic&quot;}\">\n\t\t\t\t\t<div class=\"e-con-inner\">\n\t\t<div class=\"elementor-element elementor-element-e180f70 e-con-full e-flex e-con e-child\" data-id=\"e180f70\" data-element_type=\"container\">\n\t\t\t\t<div class=\"elementor-element elementor-element-74b8c59 elementor-widget elementor-widget-hfe-infocard\" data-id=\"74b8c59\" data-element_type=\"widget\" data-widget_type=\"hfe-infocard.default\">\n\t\t\t\t<div class=\"elementor-widget-container\">\n\t\t\t\t\t\n\t\t<div class=\"hfe-infocard\">\n\t\t\t\t\t\t\t\t\t<div class=\"hfe-infocard-title-wrap\">\n\t\t\t\t<h1 class=\"hfe-infocard-title elementor-inline-editing\" data-elementor-setting-key=\"infocard_title\" data-elementor-inline-editing-toolbar=\"basic\" >Mapa del sitio<\/h1>\t\t\t<\/div>\n\t\t\t\t\t\t<div class=\"hfe-infocard-text-wrap\">\n\t\t\t\t<div class=\"hfe-infocard-text elementor-inline-editing\" data-elementor-setting-key=\"infocard_description\" data-elementor-inline-editing-toolbar=\"advanced\">\n\t\t\t\t\t\t\t\t\t<\/div>\n\t\t\t\t\t\t\t<\/div>\n\t\t<\/div>\n\n\t\t\t\t\t\t<\/div>\n\t\t\t\t<\/div>\n\t\t\t\t<\/div>\n\t\t\t\t\t<\/div>\n\t\t\t\t<\/div>\n\t\t<div class=\"elementor-element elementor-element-0e165ba e-flex e-con-boxed e-con e-parent\" data-id=\"0e165ba\" data-element_type=\"container\">\n\t\t\t\t\t<div class=\"e-con-inner\">\n\t\t\t\t<div class=\"elementor-element elementor-element-254250b elementor-widget elementor-widget-heading\" data-id=\"254250b\" data-element_type=\"widget\" data-widget_type=\"heading.default\">\n\t\t\t\t<div class=\"elementor-widget-container\">\n\t\t\t\t\t<h2 class=\"elementor-heading-title elementor-size-default\">Enlaces<\/h2>\t\t\t\t<\/div>\n\t\t\t\t<\/div>\n\t\t\t\t<div class=\"elementor-element elementor-element-2308805 elementor-widget elementor-widget-text-editor\" data-id=\"2308805\" data-element_type=\"widget\" data-widget_type=\"text-editor.default\">\n\t\t\t\t<div class=\"elementor-widget-container\">\n\t\t\t\t\t\t\t\t\t<div id=\"content\" class=\"site-content\"><div class=\"ast-container\"><div id=\"primary\" class=\"content-area primary\"><ul><li><a href=\"https:\/\/elrincondeharo.com\/\">Inicio<\/a><\/li><li><a href=\"https:\/\/elrincondeharo.com\/sobre-nosotros\">Sobre nosotros<\/a><\/li><li><a href=\"https:\/\/elrincondeharo.com\/contacto\">Contacto<\/a><\/li><\/ul><\/div><\/div><\/div>\t\t\t\t\t\t\t\t<\/div>\n\t\t\t\t<\/div>\n\t\t\t\t<div class=\"elementor-element elementor-element-0fd3417 elementor-widget elementor-widget-heading\" data-id=\"0fd3417\" data-element_type=\"widget\" data-widget_type=\"heading.default\">\n\t\t\t\t<div class=\"elementor-widget-container\">\n\t\t\t\t\t<h2 class=\"elementor-heading-title elementor-size-default\">Informaci\u00f3n legal<\/h2>\t\t\t\t<\/div>\n\t\t\t\t<\/div>\n\t\t\t\t<div class=\"elementor-element elementor-element-18a7353 elementor-widget elementor-widget-text-editor\" data-id=\"18a7353\" data-element_type=\"widget\" data-widget_type=\"text-editor.default\">\n\t\t\t\t<div class=\"elementor-widget-container\">\n\t\t\t\t\t\t\t\t\t<div id=\"content\" class=\"site-content\"><div class=\"ast-container\"><div id=\"primary\" class=\"content-area primary\"><div class=\"elementor-element elementor-element-6da1e74 elementor-widget elementor-widget-text-editor\" data-id=\"6da1e74\" data-element_type=\"widget\" data-widget_type=\"text-editor.default\"><div class=\"elementor-widget-container\"><div class=\"elementor-element elementor-element-4aaa298 sc_fly_static elementor-widget elementor-widget-text-editor trx_addons_parallax_layers_inited trx_addons_parallax_blocks_inited\" data-id=\"4aaa298\" data-element_type=\"widget\" data-widget_type=\"text-editor.default\"><div class=\"elementor-widget-container\"><ul><li><a href=\"https:\/\/elrincondeharo.com\/aviso-legal\">Aviso Legal<\/a><\/li><li><a href=\"https:\/\/elrincondeharo.com\/politica-de-cookies\">Pol\u00edtica de Cookies<\/a><\/li><li><a href=\"https:\/\/elrincondeharo.com\/politica-de-privacidad\">Pol\u00edtica de Privacidad<\/a><\/li><\/ul><\/div><\/div><\/div><\/div><\/div><\/div><\/div>\t\t\t\t\t\t\t\t<\/div>\n\t\t\t\t<\/div>\n\t\t\t\t<div class=\"elementor-element elementor-element-a1b4472 elementor-widget elementor-widget-heading\" data-id=\"a1b4472\" data-element_type=\"widget\" data-widget_type=\"heading.default\">\n\t\t\t\t<div class=\"elementor-widget-container\">\n\t\t\t\t\t<h2 class=\"elementor-heading-title elementor-size-default\">Accesibilidad<\/h2>\t\t\t\t<\/div>\n\t\t\t\t<\/div>\n\t\t\t\t<div class=\"elementor-element elementor-element-fdbfb3b elementor-widget elementor-widget-text-editor\" data-id=\"fdbfb3b\" data-element_type=\"widget\" data-widget_type=\"text-editor.default\">\n\t\t\t\t<div class=\"elementor-widget-container\">\n\t\t\t\t\t\t\t\t\t<ul><li><a href=\"https:\/\/elrincondeharo.com\/ayuda\">Ayuda<\/a><\/li><li><a href=\"https:\/\/elrincondeharo.com\/mapa-del-sitio\">Mapa del sitio<\/a><\/li><li><a href=\"https:\/\/elrincondeharo.com\/declaracion-de-accesibilidad\">Declaraci\u00f3n de accesibilidad<\/a><\/li><\/ul>\t\t\t\t\t\t\t\t<\/div>\n\t\t\t\t<\/div>\n\t\t\t\t\t<\/div>\n\t\t\t\t<\/div>\n\t\t\t\t<\/div>","protected":false},"excerpt":{"rendered":"<p>Mapa del sitio Enlaces Inicio Sobre nosotros Contacto Informaci\u00f3n legal Aviso Legal Pol\u00edtica de Cookies Pol\u00edtica de Privacidad Accesibilidad Ayuda Mapa del sitio Declaraci\u00f3n de accesibilidad<\/p>","protected":false},"author":1,"featured_media":0,"parent":0,"menu_order":0,"comment_status":"closed","ping_status":"closed","template":"","meta":{"site-sidebar-layout":"no-sidebar","site-content-layout":"page-builder","ast-site-content-layout":"default","site-content-style":"default","site-sidebar-style":"default","ast-global-header-display":"","ast-banner-title-visibility":"","ast-main-header-display":"","ast-hfb-above-header-display":"","ast-hfb-below-header-display":"","ast-hfb-mobile-header-display":"","site-post-title":"disabled","ast-breadcrumbs-content":"","ast-featured-img":"disabled","footer-sml-layout":"","theme-transparent-header-meta":"enabled","adv-header-id-meta":"","stick-header-meta":"","header-above-stick-meta":"","header-main-stick-meta":"","header-below-stick-meta":"","astra-migrate-meta-layouts":"default","ast-page-background-enabled":"default","ast-page-background-meta":{"desktop":{"background-color":"","background-image":"","background-repeat":"repeat","background-position":"center center","background-size":"auto","background-attachment":"scroll","background-type":"","background-media":"","overlay-type":"","overlay-color":"","overlay-opacity":"","overlay-gradient":""},"tablet":{"background-color":"","background-image":"","background-repeat":"repeat","background-position":"center center","background-size":"auto","background-attachment":"scroll","background-type":"","background-media":"","overlay-type":"","overlay-color":"","overlay-opacity":"","overlay-gradient":""},"mobile":{"background-color":"","background-image":"","background-repeat":"repeat","background-position":"center center","background-size":"auto","background-attachment":"scroll","background-type":"","background-media":"","overlay-type":"","overlay-color":"","overlay-opacity":"","overlay-gradient":""}},"ast-content-background-meta":{"desktop":{"background-color":"var(--ast-global-color-5)","background-image":"","background-repeat":"repeat","background-position":"center center","background-size":"auto","background-attachment":"scroll","background-type":"","background-media":"","overlay-type":"","overlay-color":"","overlay-opacity":"","overlay-gradient":""},"tablet":{"background-color":"var(--ast-global-color-5)","background-image":"","background-repeat":"repeat","background-position":"center center","background-size":"auto","background-attachment":"scroll","background-type":"","background-media":"","overlay-type":"","overlay-color":"","overlay-opacity":"","overlay-gradient":""},"mobile":{"background-color":"var(--ast-global-color-5)","background-image":"","background-repeat":"repeat","background-position":"center center","background-size":"auto","background-attachment":"scroll","background-type":"","background-media":"","overlay-type":"","overlay-color":"","overlay-opacity":"","overlay-gradient":""}},"footnotes":""},"class_list":["post-1817","page","type-page","status-publish","hentry"],"yoast_head":"<!-- This site is optimized with the Yoast SEO plugin v26.4 - https:\/\/yoast.com\/wordpress\/plugins\/seo\/ -->\n<title>Mapa del sitio -<\/title>\n<meta name=\"robots\" content=\"index, follow, max-snippet:-1, max-image-preview:large, max-video-preview:-1\" \/>\n<link rel=\"canonical\" href=\"https:\/\/enriqueamat.es\/en\/mapa-del-sitio\/\" \/>\n<meta property=\"og:locale\" content=\"en_GB\" \/>\n<meta property=\"og:type\" content=\"article\" \/>\n<meta property=\"og:title\" content=\"Mapa del sitio -\" \/>\n<meta property=\"og:description\" content=\"Mapa del sitio Enlaces Inicio Sobre nosotros Contacto Informaci\u00f3n legal Aviso Legal Pol\u00edtica de Cookies Pol\u00edtica de Privacidad Accesibilidad Ayuda Mapa del sitio Declaraci\u00f3n de accesibilidad\" \/>\n<meta property=\"og:url\" content=\"https:\/\/enriqueamat.es\/en\/mapa-del-sitio\/\" \/>\n<meta property=\"article:modified_time\" content=\"2025-12-03T08:34:17+00:00\" \/>\n<meta name=\"twitter:card\" content=\"summary_large_image\" \/>\n<script type=\"application\/ld+json\" class=\"yoast-schema-graph\">{\"@context\":\"https:\/\/schema.org\",\"@graph\":[{\"@type\":\"WebPage\",\"@id\":\"https:\/\/enriqueamat.es\/mapa-del-sitio\/\",\"url\":\"https:\/\/enriqueamat.es\/mapa-del-sitio\/\",\"name\":\"Mapa del sitio -\",\"isPartOf\":{\"@id\":\"https:\/\/enriqueamat.es\/#website\"},\"datePublished\":\"2025-12-02T10:31:42+00:00\",\"dateModified\":\"2025-12-03T08:34:17+00:00\",\"breadcrumb\":{\"@id\":\"https:\/\/enriqueamat.es\/mapa-del-sitio\/#breadcrumb\"},\"inLanguage\":\"en-GB\",\"potentialAction\":[{\"@type\":\"ReadAction\",\"target\":[\"https:\/\/enriqueamat.es\/mapa-del-sitio\/\"]}]},{\"@type\":\"BreadcrumbList\",\"@id\":\"https:\/\/enriqueamat.es\/mapa-del-sitio\/#breadcrumb\",\"itemListElement\":[{\"@type\":\"ListItem\",\"position\":1,\"name\":\"Portada\",\"item\":\"https:\/\/enriqueamat.es\/\"},{\"@type\":\"ListItem\",\"position\":2,\"name\":\"Mapa del sitio\"}]},{\"@type\":\"WebSite\",\"@id\":\"https:\/\/enriqueamat.es\/#website\",\"url\":\"https:\/\/enriqueamat.es\/\",\"name\":\"\",\"description\":\"\",\"potentialAction\":[{\"@type\":\"SearchAction\",\"target\":{\"@type\":\"EntryPoint\",\"urlTemplate\":\"https:\/\/enriqueamat.es\/?s={search_term_string}\"},\"query-input\":{\"@type\":\"PropertyValueSpecification\",\"valueRequired\":true,\"valueName\":\"search_term_string\"}}],\"inLanguage\":\"en-GB\"}]}<\/script>\n<!-- \/ Yoast SEO plugin. -->","yoast_head_json":{"title":"Mapa del sitio -","robots":{"index":"index","follow":"follow","max-snippet":"max-snippet:-1","max-image-preview":"max-image-preview:large","max-video-preview":"max-video-preview:-1"},"canonical":"https:\/\/enriqueamat.es\/en\/mapa-del-sitio\/","og_locale":"en_GB","og_type":"article","og_title":"Mapa del sitio -","og_description":"Mapa del sitio Enlaces Inicio Sobre nosotros Contacto Informaci\u00f3n legal Aviso Legal Pol\u00edtica de Cookies Pol\u00edtica de Privacidad Accesibilidad Ayuda Mapa del sitio Declaraci\u00f3n de accesibilidad","og_url":"https:\/\/enriqueamat.es\/en\/mapa-del-sitio\/","article_modified_time":"2025-12-03T08:34:17+00:00","twitter_card":"summary_large_image","schema":{"@context":"https:\/\/schema.org","@graph":[{"@type":"WebPage","@id":"https:\/\/enriqueamat.es\/mapa-del-sitio\/","url":"https:\/\/enriqueamat.es\/mapa-del-sitio\/","name":"Mapa del sitio -","isPartOf":{"@id":"https:\/\/enriqueamat.es\/#website"},"datePublished":"2025-12-02T10:31:42+00:00","dateModified":"2025-12-03T08:34:17+00:00","breadcrumb":{"@id":"https:\/\/enriqueamat.es\/mapa-del-sitio\/#breadcrumb"},"inLanguage":"en-GB","potentialAction":[{"@type":"ReadAction","target":["https:\/\/enriqueamat.es\/mapa-del-sitio\/"]}]},{"@type":"BreadcrumbList","@id":"https:\/\/enriqueamat.es\/mapa-del-sitio\/#breadcrumb","itemListElement":[{"@type":"ListItem","position":1,"name":"Portada","item":"https:\/\/enriqueamat.es\/"},{"@type":"ListItem","position":2,"name":"Mapa del sitio"}]},{"@type":"WebSite","@id":"https:\/\/enriqueamat.es\/#website","url":"https:\/\/enriqueamat.es\/","name":"","description":"","potentialAction":[{"@type":"SearchAction","target":{"@type":"EntryPoint","urlTemplate":"https:\/\/enriqueamat.es\/?s={search_term_string}"},"query-input":{"@type":"PropertyValueSpecification","valueRequired":true,"valueName":"search_term_string"}}],"inLanguage":"en-GB"}]}},"_links":{"self":[{"href":"https:\/\/enriqueamat.es\/en\/wp-json\/wp\/v2\/pages\/1817","targetHints":{"allow":["GET"]}}],"collection":[{"href":"https:\/\/enriqueamat.es\/en\/wp-json\/wp\/v2\/pages"}],"about":[{"href":"https:\/\/enriqueamat.es\/en\/wp-json\/wp\/v2\/types\/page"}],"author":[{"embeddable":true,"href":"https:\/\/enriqueamat.es\/en\/wp-json\/wp\/v2\/users\/1"}],"replies":[{"embeddable":true,"href":"https:\/\/enriqueamat.es\/en\/wp-json\/wp\/v2\/comments?post=1817"}],"version-history":[{"count":10,"href":"https:\/\/enriqueamat.es\/en\/wp-json\/wp\/v2\/pages\/1817\/revisions"}],"predecessor-version":[{"id":1893,"href":"https:\/\/enriqueamat.es\/en\/wp-json\/wp\/v2\/pages\/1817\/revisions\/1893"}],"wp:attachment":[{"href":"https:\/\/enriqueamat.es\/en\/wp-json\/wp\/v2\/media?parent=1817"}],"curies":[{"name":"wp","href":"https:\/\/api.w.org\/{rel}","templated":true}]}}