{"id":1800,"date":"2025-12-02T11:27:11","date_gmt":"2025-12-02T10:27:11","guid":{"rendered":"https:\/\/dev.maicrosoft.eu\/elrincondeharo\/?page_id=1800"},"modified":"2025-12-03T09:32:03","modified_gmt":"2025-12-03T08:32:03","slug":"ayuda","status":"publish","type":"page","link":"https:\/\/enriqueamat.es\/en\/ayuda\/","title":{"rendered":"Ayuda"},"content":{"rendered":"<div data-elementor-type=\"wp-post\" data-elementor-id=\"1800\" class=\"elementor elementor-1800\">\n\t\t\t\t<div class=\"elementor-element elementor-element-b200fad e-flex e-con-boxed e-con e-parent\" data-id=\"b200fad\" data-element_type=\"container\" data-settings=\"{&quot;background_background&quot;:&quot;classic&quot;}\">\n\t\t\t\t\t<div class=\"e-con-inner\">\n\t\t<div class=\"elementor-element elementor-element-e180f70 e-con-full e-flex e-con e-child\" data-id=\"e180f70\" data-element_type=\"container\">\n\t\t\t\t<div class=\"elementor-element elementor-element-74b8c59 elementor-widget elementor-widget-hfe-infocard\" data-id=\"74b8c59\" data-element_type=\"widget\" data-widget_type=\"hfe-infocard.default\">\n\t\t\t\t<div class=\"elementor-widget-container\">\n\t\t\t\t\t\n\t\t<div class=\"hfe-infocard\">\n\t\t\t\t\t\t\t\t\t<div class=\"hfe-infocard-title-wrap\">\n\t\t\t\t<h1 class=\"hfe-infocard-title elementor-inline-editing\" data-elementor-setting-key=\"infocard_title\" data-elementor-inline-editing-toolbar=\"basic\" >Ayuda<\/h1>\t\t\t<\/div>\n\t\t\t\t\t\t<div class=\"hfe-infocard-text-wrap\">\n\t\t\t\t<div class=\"hfe-infocard-text elementor-inline-editing\" data-elementor-setting-key=\"infocard_description\" data-elementor-inline-editing-toolbar=\"advanced\">\n\t\t\t\t\t\t\t\t\t<\/div>\n\t\t\t\t\t\t\t<\/div>\n\t\t<\/div>\n\n\t\t\t\t\t\t<\/div>\n\t\t\t\t<\/div>\n\t\t\t\t<\/div>\n\t\t\t\t\t<\/div>\n\t\t\t\t<\/div>\n\t\t<div class=\"elementor-element elementor-element-0e165ba e-flex e-con-boxed e-con e-parent\" data-id=\"0e165ba\" data-element_type=\"container\">\n\t\t\t\t\t<div class=\"e-con-inner\">\n\t\t\t\t<div class=\"elementor-element elementor-element-2308805 elementor-widget elementor-widget-text-editor\" data-id=\"2308805\" data-element_type=\"widget\" data-widget_type=\"text-editor.default\">\n\t\t\t\t<div class=\"elementor-widget-container\">\n\t\t\t\t\t\t\t\t\t<div id=\"content\" class=\"site-content\"><div class=\"ast-container\"><div id=\"primary\" class=\"content-area primary\"><p><span style=\"font-size: 16px;\">Si tiene alg\u00fan tipo de duda o necesita ayuda para navegar por la p\u00e1gina web, puede acceder al apartado de <\/span><a style=\"font-size: 16px; background-color: #ffffff;\" href=\"https:\/\/elrincondeharo.com\/declaracion-de-accesibilidad\">Declaraci\u00f3n de accesibilidad<\/a><span style=\"font-size: 16px;\">\u00a0o contactar con nosotros a trav\u00e9s del email\u00a0<\/span><a style=\"font-size: 16px; background-color: #ffffff;\" href=\"mailto:info@elrincondeharo.com\">info@elrincondeharo.com<\/a><\/p><p>\u00a0<\/p><\/div><\/div><\/div>\t\t\t\t\t\t\t\t<\/div>\n\t\t\t\t<\/div>\n\t\t\t\t\t<\/div>\n\t\t\t\t<\/div>\n\t\t\t\t<\/div>","protected":false},"excerpt":{"rendered":"<p>Ayuda Si tiene alg\u00fan tipo de duda o necesita ayuda para navegar por la p\u00e1gina web, puede acceder al apartado de Declaraci\u00f3n de accesibilidad\u00a0o contactar con nosotros a trav\u00e9s del email\u00a0info@elrincondeharo.com \u00a0<\/p>","protected":false},"author":1,"featured_media":0,"parent":0,"menu_order":0,"comment_status":"closed","ping_status":"closed","template":"","meta":{"site-sidebar-layout":"no-sidebar","site-content-layout":"page-builder","ast-site-content-layout":"default","site-content-style":"default","site-sidebar-style":"default","ast-global-header-display":"","ast-banner-title-visibility":"","ast-main-header-display":"","ast-hfb-above-header-display":"","ast-hfb-below-header-display":"","ast-hfb-mobile-header-display":"","site-post-title":"disabled","ast-breadcrumbs-content":"","ast-featured-img":"disabled","footer-sml-layout":"","theme-transparent-header-meta":"enabled","adv-header-id-meta":"","stick-header-meta":"","header-above-stick-meta":"","header-main-stick-meta":"","header-below-stick-meta":"","astra-migrate-meta-layouts":"default","ast-page-background-enabled":"default","ast-page-background-meta":{"desktop":{"background-color":"","background-image":"","background-repeat":"repeat","background-position":"center center","background-size":"auto","background-attachment":"scroll","background-type":"","background-media":"","overlay-type":"","overlay-color":"","overlay-opacity":"","overlay-gradient":""},"tablet":{"background-color":"","background-image":"","background-repeat":"repeat","background-position":"center center","background-size":"auto","background-attachment":"scroll","background-type":"","background-media":"","overlay-type":"","overlay-color":"","overlay-opacity":"","overlay-gradient":""},"mobile":{"background-color":"","background-image":"","background-repeat":"repeat","background-position":"center center","background-size":"auto","background-attachment":"scroll","background-type":"","background-media":"","overlay-type":"","overlay-color":"","overlay-opacity":"","overlay-gradient":""}},"ast-content-background-meta":{"desktop":{"background-color":"var(--ast-global-color-5)","background-image":"","background-repeat":"repeat","background-position":"center center","background-size":"auto","background-attachment":"scroll","background-type":"","background-media":"","overlay-type":"","overlay-color":"","overlay-opacity":"","overlay-gradient":""},"tablet":{"background-color":"var(--ast-global-color-5)","background-image":"","background-repeat":"repeat","background-position":"center center","background-size":"auto","background-attachment":"scroll","background-type":"","background-media":"","overlay-type":"","overlay-color":"","overlay-opacity":"","overlay-gradient":""},"mobile":{"background-color":"var(--ast-global-color-5)","background-image":"","background-repeat":"repeat","background-position":"center center","background-size":"auto","background-attachment":"scroll","background-type":"","background-media":"","overlay-type":"","overlay-color":"","overlay-opacity":"","overlay-gradient":""}},"footnotes":""},"class_list":["post-1800","page","type-page","status-publish","hentry"],"yoast_head":"<!-- This site is optimized with the Yoast SEO plugin v26.4 - https:\/\/yoast.com\/wordpress\/plugins\/seo\/ -->\n<title>Ayuda -<\/title>\n<meta name=\"robots\" content=\"index, follow, max-snippet:-1, max-image-preview:large, max-video-preview:-1\" \/>\n<link rel=\"canonical\" href=\"https:\/\/enriqueamat.es\/en\/ayuda\/\" \/>\n<meta property=\"og:locale\" content=\"en_GB\" \/>\n<meta property=\"og:type\" content=\"article\" \/>\n<meta property=\"og:title\" content=\"Ayuda -\" \/>\n<meta property=\"og:description\" content=\"Ayuda Si tiene alg\u00fan tipo de duda o necesita ayuda para navegar por la p\u00e1gina web, puede acceder al apartado de Declaraci\u00f3n de accesibilidad\u00a0o contactar con nosotros a trav\u00e9s del email\u00a0info@elrincondeharo.com \u00a0\" \/>\n<meta property=\"og:url\" content=\"https:\/\/enriqueamat.es\/en\/ayuda\/\" \/>\n<meta property=\"article:modified_time\" content=\"2025-12-03T08:32:03+00:00\" \/>\n<meta name=\"twitter:card\" content=\"summary_large_image\" \/>\n<script type=\"application\/ld+json\" class=\"yoast-schema-graph\">{\"@context\":\"https:\/\/schema.org\",\"@graph\":[{\"@type\":\"WebPage\",\"@id\":\"https:\/\/enriqueamat.es\/ayuda\/\",\"url\":\"https:\/\/enriqueamat.es\/ayuda\/\",\"name\":\"Ayuda -\",\"isPartOf\":{\"@id\":\"https:\/\/enriqueamat.es\/#website\"},\"datePublished\":\"2025-12-02T10:27:11+00:00\",\"dateModified\":\"2025-12-03T08:32:03+00:00\",\"breadcrumb\":{\"@id\":\"https:\/\/enriqueamat.es\/ayuda\/#breadcrumb\"},\"inLanguage\":\"en-GB\",\"potentialAction\":[{\"@type\":\"ReadAction\",\"target\":[\"https:\/\/enriqueamat.es\/ayuda\/\"]}]},{\"@type\":\"BreadcrumbList\",\"@id\":\"https:\/\/enriqueamat.es\/ayuda\/#breadcrumb\",\"itemListElement\":[{\"@type\":\"ListItem\",\"position\":1,\"name\":\"Portada\",\"item\":\"https:\/\/enriqueamat.es\/\"},{\"@type\":\"ListItem\",\"position\":2,\"name\":\"Ayuda\"}]},{\"@type\":\"WebSite\",\"@id\":\"https:\/\/enriqueamat.es\/#website\",\"url\":\"https:\/\/enriqueamat.es\/\",\"name\":\"\",\"description\":\"\",\"potentialAction\":[{\"@type\":\"SearchAction\",\"target\":{\"@type\":\"EntryPoint\",\"urlTemplate\":\"https:\/\/enriqueamat.es\/?s={search_term_string}\"},\"query-input\":{\"@type\":\"PropertyValueSpecification\",\"valueRequired\":true,\"valueName\":\"search_term_string\"}}],\"inLanguage\":\"en-GB\"}]}<\/script>\n<!-- \/ Yoast SEO plugin. -->","yoast_head_json":{"title":"Ayuda -","robots":{"index":"index","follow":"follow","max-snippet":"max-snippet:-1","max-image-preview":"max-image-preview:large","max-video-preview":"max-video-preview:-1"},"canonical":"https:\/\/enriqueamat.es\/en\/ayuda\/","og_locale":"en_GB","og_type":"article","og_title":"Ayuda -","og_description":"Ayuda Si tiene alg\u00fan tipo de duda o necesita ayuda para navegar por la p\u00e1gina web, puede acceder al apartado de Declaraci\u00f3n de accesibilidad\u00a0o contactar con nosotros a trav\u00e9s del email\u00a0info@elrincondeharo.com \u00a0","og_url":"https:\/\/enriqueamat.es\/en\/ayuda\/","article_modified_time":"2025-12-03T08:32:03+00:00","twitter_card":"summary_large_image","schema":{"@context":"https:\/\/schema.org","@graph":[{"@type":"WebPage","@id":"https:\/\/enriqueamat.es\/ayuda\/","url":"https:\/\/enriqueamat.es\/ayuda\/","name":"Ayuda -","isPartOf":{"@id":"https:\/\/enriqueamat.es\/#website"},"datePublished":"2025-12-02T10:27:11+00:00","dateModified":"2025-12-03T08:32:03+00:00","breadcrumb":{"@id":"https:\/\/enriqueamat.es\/ayuda\/#breadcrumb"},"inLanguage":"en-GB","potentialAction":[{"@type":"ReadAction","target":["https:\/\/enriqueamat.es\/ayuda\/"]}]},{"@type":"BreadcrumbList","@id":"https:\/\/enriqueamat.es\/ayuda\/#breadcrumb","itemListElement":[{"@type":"ListItem","position":1,"name":"Portada","item":"https:\/\/enriqueamat.es\/"},{"@type":"ListItem","position":2,"name":"Ayuda"}]},{"@type":"WebSite","@id":"https:\/\/enriqueamat.es\/#website","url":"https:\/\/enriqueamat.es\/","name":"","description":"","potentialAction":[{"@type":"SearchAction","target":{"@type":"EntryPoint","urlTemplate":"https:\/\/enriqueamat.es\/?s={search_term_string}"},"query-input":{"@type":"PropertyValueSpecification","valueRequired":true,"valueName":"search_term_string"}}],"inLanguage":"en-GB"}]}},"_links":{"self":[{"href":"https:\/\/enriqueamat.es\/en\/wp-json\/wp\/v2\/pages\/1800","targetHints":{"allow":["GET"]}}],"collection":[{"href":"https:\/\/enriqueamat.es\/en\/wp-json\/wp\/v2\/pages"}],"about":[{"href":"https:\/\/enriqueamat.es\/en\/wp-json\/wp\/v2\/types\/page"}],"author":[{"embeddable":true,"href":"https:\/\/enriqueamat.es\/en\/wp-json\/wp\/v2\/users\/1"}],"replies":[{"embeddable":true,"href":"https:\/\/enriqueamat.es\/en\/wp-json\/wp\/v2\/comments?post=1800"}],"version-history":[{"count":10,"href":"https:\/\/enriqueamat.es\/en\/wp-json\/wp\/v2\/pages\/1800\/revisions"}],"predecessor-version":[{"id":1887,"href":"https:\/\/enriqueamat.es\/en\/wp-json\/wp\/v2\/pages\/1800\/revisions\/1887"}],"wp:attachment":[{"href":"https:\/\/enriqueamat.es\/en\/wp-json\/wp\/v2\/media?parent=1800"}],"curies":[{"name":"wp","href":"https:\/\/api.w.org\/{rel}","templated":true}]}}