{"id":1763,"date":"2025-12-02T11:06:04","date_gmt":"2025-12-02T10:06:04","guid":{"rendered":"https:\/\/dev.maicrosoft.eu\/elrincondeharo\/?page_id=1763"},"modified":"2026-03-06T16:50:55","modified_gmt":"2026-03-06T15:50:55","slug":"aviso-legal","status":"publish","type":"page","link":"https:\/\/enriqueamat.es\/en\/aviso-legal\/","title":{"rendered":"Aviso legal"},"content":{"rendered":"<div data-elementor-type=\"wp-post\" data-elementor-id=\"1763\" class=\"elementor elementor-1763\">\n\t\t\t\t<div class=\"elementor-element elementor-element-0e165ba e-flex e-con-boxed e-con e-parent\" data-id=\"0e165ba\" data-element_type=\"container\">\n\t\t\t\t\t<div class=\"e-con-inner\">\n\t\t\t\t<div class=\"elementor-element elementor-element-2308805 elementor-widget elementor-widget-text-editor\" data-id=\"2308805\" data-element_type=\"widget\" data-widget_type=\"text-editor.default\">\n\t\t\t\t<div class=\"elementor-widget-container\">\n\t\t\t\t\t\t\t\t\t<h2>Datos del titular del sitio web y dominio<\/h2><ul><li>Nombre: Enrique Amat Amores<\/li><li>CINIF: 34821977T<\/li><li>Direcci\u00f3n: Calle \u00c1ngel Romero Elorriaga n\u00ba3,1\u00baD-30003-MURCIA<\/li><li>Tel\u00e9fono de contacto: +34 968351699 \/ 683237728<\/li><li>Email: info@enriqueamat.es<\/li><\/ul><ol><li><h2>T\u00e9rminos generales<\/h2><p>Al acceder al sitio web www.enriqueamat.es, el usuario acepta quedar obligado por los T\u00e9rminos y Condiciones de Uso de Arco Valoraciones, y acepta ser responsable de cumplir con todas las leyes y reglamentos aplicables. Si no accede al cumplimiento de alguno de estos t\u00e9rminos y condiciones, le est\u00e1 prohibido usar o acceder a este sitio. Los materiales contenidos en este sitio web est\u00e1n protegidos por las leyes de la propiedad intelectual y del derecho de marcas.<\/p><\/li><li><h2>Enlaces externos<\/h2><p>Se concede permiso al usuario para descargar una copia de los materiales (informaci\u00f3n o software) del sitio web www.enriqueamat.es para uso personal, no comercial, de manera transitoria y s\u00f3lo para su visualizaci\u00f3n. Esta concesi\u00f3n supone una licencia, no una transferencia de t\u00edtulo, y bajo dicha licencia no podr\u00e1: modificar o copiar el material; utilizar los materiales para cualquier prop\u00f3sito comercial o para cualquier exhibici\u00f3n p\u00fablica (comercial o no comercial); intentar descompilar o revertir cualquier software que se encuentre en www.enriqueamat.es; retirar los derechos de autor aplicables a cualquier tipo de contenido o material, retirar cualquier otro derecho de propiedad o anotaciones de los contenidos o materiales, o transferir los contenidos o materiales a otra persona o sitio web.<\/p><p>Bajo esta licencia el usuario se compromete a hacer un uso adecuado de los contenidos y servicios que EA Abogado ofrece a trav\u00e9s de www.enriqueamat.es, su centro de soporte y sus redes sociales, y con car\u00e1cter enunciativo pero no limitativo, a no emplearlos para incurrir en actividades il\u00edcitas, ilegales o contrarias a la buena fe y al orden p\u00fablico; difundir contenidos o propaganda de car\u00e1cter racista, xen\u00f3fobo, pornogr\u00e1fico ilegal, de apolog\u00eda del terrorismo o atentatorio contra los derechos humanos; provocar da\u00f1os en los sistemas f\u00edsicos y l\u00f3gicos de EA Abogado, de sus proveedores o de terceras personas; intentar acceder y, en su caso, utilizar las cuentas de correo electr\u00f3nico de otros usuarios y modificar o manipular sus mensajes.<\/p><p>Esta licencia ser\u00e1 rescindida autom\u00e1ticamente si el usuario viola cualquiera de estas condiciones, y puede ser terminada por EA Abogado en cualquier momento. Al terminar el visionado de estos materiales, o al t\u00e9rmino de esta licencia, el usuario deber\u00e1 destruir cualquier material descargado en su poder ya sea en formato impreso o electr\u00f3nico.<\/p><\/li><li><h2>Renuncia<\/h2><p>Los materiales del sitio web del www.enriqueamat.es son proporcionados tal como son. EA Abogado no ofrece ninguna garant\u00eda, expresa o impl\u00edcita, y por la presente renuncia se niegan todas las otras garant\u00edas, incluyendo, sin limitaci\u00f3n, garant\u00edas o condiciones impl\u00edcitas de comerciabilidad, idoneidad para un prop\u00f3sito particular, o de no infracci\u00f3n de los derechos de propiedad intelectual o cualquier otra violaci\u00f3n de los derechos. Adem\u00e1s, EA Abogado no garantiza ni se responsabiliza de la exactitud, los resultados probables, o la fiabilidad de la utilizaci\u00f3n de los materiales en su p\u00e1gina de Internet o, de cualquier otro modo en relaci\u00f3n con tales materiales, en cualquier sitio ligado a esta web.<\/p><\/li><li><h2>Limitaciones<\/h2><p>En ning\u00fan caso EA Abogado o sus proveedores se hacen responsables por cualquier da\u00f1o (incluyendo, sin limitaci\u00f3n, los da\u00f1os por p\u00e9rdida de datos o de beneficios, o por interrupci\u00f3n del negocio) que surjan del uso o de la incapacidad de usar los materiales en www.enriqueamat.es, incluso si EA Abogado o un representante autorizado de la web ha sido notificado en forma oral o escrita de la posibilidad de tales da\u00f1os. Debido a que algunas jurisdicciones no permiten la exclusi\u00f3n de garant\u00edas impl\u00edcitas o de limitaciones de responsabilidad por da\u00f1os consecuenciales o incidentales, estas limitaciones pueden no aplicarse algunos usuarios.<\/p><\/li><li><h2>Revisiones y erratas<\/h2><p>Los materiales que aparecen en el sitio web del www.enriqueamat.es podr\u00edan incluir errores t\u00e9cnicos, tipogr\u00e1ficos, o fotogr\u00e1ficos. Pese a su compromiso de mantener unos altos est\u00e1ndares de calidad y fidelidad al respecto, EA Abogado no garantiza que cualquiera de los materiales de su sitio web sea exacto, completo, o actual. EA Abogado puede hacer cambios en los materiales contenidos en su sitio web en cualquier momento sin aviso. EA Abogado no asume, sin embargo, ning\u00fan compromiso de actualizar los materiales.<\/p><\/li><li><h2>Enlaces<\/h2><p>En el caso que www.enriqueamat.es contuviese enlaces hacia otros sitios de Internet externos a su dominio, EA Abogado declara no ejercer ning\u00fan control sobre dichos sitios y sus contenidos, y rechaza cualquier responsabilidad sobre los mismos. La inclusi\u00f3n de cualquier enlace no implica la aprobaci\u00f3n por EA Abogado del sitio enlazado, y su uso corre por cuenta y riesgo del usuario. En ning\u00fan caso EA Abogado asumir\u00e1 responsabilidad alguna por los contenidos de alg\u00fan enlace perteneciente a un sitio web ajeno, ni garantizar\u00e1 la disponibilidad t\u00e9cnica, calidad, fiabilidad, exactitud, amplitud, veracidad, validez y constitucionalidad de cualquier material o informaci\u00f3n contenida en cualquiera de dichos v\u00ednculos u otros sitios de Internet. La inclusi\u00f3n de estas conexiones externas tampoco implicar\u00e1 ning\u00fan tipo de asociaci\u00f3n, fusi\u00f3n o participaci\u00f3n con las entidades conectadas.<\/p><\/li><li><h2>Modificaciones<\/h2><p>EA Abogado podr\u00e1 revisar los presentes T\u00e9rminos y Condiciones de Uso para www.enriqueamat.es en cualquier momento sin previo aviso. Mediante el acceso a este sitio web el usuario acepta estar obligado por la versi\u00f3n actual de estos T\u00e9rminos y Condiciones de Uso. As\u00ed mismo, EA Abogado se reserva el derecho de efectuar sin previo aviso las modificaciones que considere oportunas en www.enriqueamat.es y en su centro de soporte, pudiendo cambiar, suprimir o a\u00f1adir tanto los contenidos y servicios que se presten como la forma en la que son presentados o prestados.<\/p><\/li><li><h2>Ley Aplicable<\/h2><p>Cualquier reclamaci\u00f3n relativa al sitio web www.enriqueamat.es se regir\u00e1 por las leyes del Estado espa\u00f1ol sin tener en cuenta su conflicto de disposiciones legales. Cualquier controversia se someter\u00e1 a los Juzgados y tribunales de la ciudad de Murcia.<\/p><\/li><li><h2>Derecho de exclusi\u00f3n<\/h2><p>EA Abogado se reserva el derecho a denegar o retirar el acceso a www.arcovaloraciones.com, su centro de soporte, sus redes sociales y\/o los servicios ofrecidos sin necesidad de preaviso, a instancia propia o de un tercero, a aquellos usuarios que incumplan los t\u00e9rminos y Condiciones de Uso. As\u00ed mismo EA Abogado perseguir\u00e1 el incumplimiento de las condiciones as\u00ed como cualquier utilizaci\u00f3n indebida de su portal ejerciendo todas las acciones civiles y penales que le puedan corresponder en derecho.<\/p><\/li><li><h2>Comunicaci\u00f3n con EA Abogado<\/h2><p>Para cualquier consulta el usuario puede dirigirse a nosotros a trav\u00e9s de diferentes medios:<\/p><ul><li><a href=\"mailto: mailto.enriqueamat.es\">mailto.enriqueamat.es<\/a><\/li><li><a href=\"https:\/\/enriqueamat.es\/en\/aviso-legal\/\">Facebook<\/a><\/li><li><a href=\"https:\/\/enriqueamat.es\/en\/aviso-legal\/\">Twitter<\/a><\/li><li><a href=\"https:\/\/enriqueamat.es\/en\/aviso-legal\/\">Linkedin<\/a><\/li><\/ul><\/li><\/ol>\t\t\t\t\t\t\t\t<\/div>\n\t\t\t\t<\/div>\n\t\t\t\t\t<\/div>\n\t\t\t\t<\/div>\n\t\t\t\t<\/div>","protected":false},"excerpt":{"rendered":"<p>Datos del titular del sitio web y dominio Nombre: Enrique Amat Amores CINIF: 34821977T Direcci\u00f3n: Calle \u00c1ngel Romero Elorriaga n\u00ba3,1\u00baD-30003-MURCIA Tel\u00e9fono de contacto: +34 968351699 \/ 683237728 Email: info@enriqueamat.es T\u00e9rminos generales Al acceder al sitio web www.enriqueamat.es, el usuario acepta quedar obligado por los T\u00e9rminos y Condiciones de Uso de Arco Valoraciones, y acepta ser [&hellip;]<\/p>\n","protected":false},"author":1,"featured_media":0,"parent":0,"menu_order":0,"comment_status":"closed","ping_status":"closed","template":"","meta":{"site-sidebar-layout":"no-sidebar","site-content-layout":"page-builder","ast-site-content-layout":"default","site-content-style":"default","site-sidebar-style":"default","ast-global-header-display":"","ast-banner-title-visibility":"","ast-main-header-display":"","ast-hfb-above-header-display":"","ast-hfb-below-header-display":"","ast-hfb-mobile-header-display":"","site-post-title":"disabled","ast-breadcrumbs-content":"","ast-featured-img":"disabled","footer-sml-layout":"","theme-transparent-header-meta":"enabled","adv-header-id-meta":"","stick-header-meta":"","header-above-stick-meta":"","header-main-stick-meta":"","header-below-stick-meta":"","astra-migrate-meta-layouts":"default","ast-page-background-enabled":"default","ast-page-background-meta":{"desktop":{"background-color":"","background-image":"","background-repeat":"repeat","background-position":"center center","background-size":"auto","background-attachment":"scroll","background-type":"","background-media":"","overlay-type":"","overlay-color":"","overlay-opacity":"","overlay-gradient":""},"tablet":{"background-color":"","background-image":"","background-repeat":"repeat","background-position":"center center","background-size":"auto","background-attachment":"scroll","background-type":"","background-media":"","overlay-type":"","overlay-color":"","overlay-opacity":"","overlay-gradient":""},"mobile":{"background-color":"","background-image":"","background-repeat":"repeat","background-position":"center center","background-size":"auto","background-attachment":"scroll","background-type":"","background-media":"","overlay-type":"","overlay-color":"","overlay-opacity":"","overlay-gradient":""}},"ast-content-background-meta":{"desktop":{"background-color":"var(--ast-global-color-5)","background-image":"","background-repeat":"repeat","background-position":"center center","background-size":"auto","background-attachment":"scroll","background-type":"","background-media":"","overlay-type":"","overlay-color":"","overlay-opacity":"","overlay-gradient":""},"tablet":{"background-color":"var(--ast-global-color-5)","background-image":"","background-repeat":"repeat","background-position":"center center","background-size":"auto","background-attachment":"scroll","background-type":"","background-media":"","overlay-type":"","overlay-color":"","overlay-opacity":"","overlay-gradient":""},"mobile":{"background-color":"var(--ast-global-color-5)","background-image":"","background-repeat":"repeat","background-position":"center center","background-size":"auto","background-attachment":"scroll","background-type":"","background-media":"","overlay-type":"","overlay-color":"","overlay-opacity":"","overlay-gradient":""}},"footnotes":""},"class_list":["post-1763","page","type-page","status-publish","hentry"],"yoast_head":"<!-- This site is optimized with the Yoast SEO plugin v26.4 - https:\/\/yoast.com\/wordpress\/plugins\/seo\/ -->\n<title>Aviso legal -<\/title>\n<meta name=\"robots\" content=\"index, follow, max-snippet:-1, max-image-preview:large, max-video-preview:-1\" \/>\n<link rel=\"canonical\" href=\"https:\/\/enriqueamat.es\/en\/aviso-legal\/\" \/>\n<meta property=\"og:locale\" content=\"en_GB\" \/>\n<meta property=\"og:type\" content=\"article\" \/>\n<meta property=\"og:title\" content=\"Aviso legal -\" \/>\n<meta property=\"og:description\" content=\"Datos del titular del sitio web y dominio Nombre: Enrique Amat Amores CINIF: 34821977T Direcci\u00f3n: Calle \u00c1ngel Romero Elorriaga n\u00ba3,1\u00baD-30003-MURCIA Tel\u00e9fono de contacto: +34 968351699 \/ 683237728 Email: info@enriqueamat.es T\u00e9rminos generales Al acceder al sitio web www.enriqueamat.es, el usuario acepta quedar obligado por los T\u00e9rminos y Condiciones de Uso de Arco Valoraciones, y acepta ser [&hellip;]\" \/>\n<meta property=\"og:url\" content=\"https:\/\/enriqueamat.es\/en\/aviso-legal\/\" \/>\n<meta property=\"article:modified_time\" content=\"2026-03-06T15:50:55+00:00\" \/>\n<meta name=\"twitter:card\" content=\"summary_large_image\" \/>\n<script type=\"application\/ld+json\" class=\"yoast-schema-graph\">{\"@context\":\"https:\/\/schema.org\",\"@graph\":[{\"@type\":\"WebPage\",\"@id\":\"https:\/\/enriqueamat.es\/aviso-legal\/\",\"url\":\"https:\/\/enriqueamat.es\/aviso-legal\/\",\"name\":\"Aviso legal -\",\"isPartOf\":{\"@id\":\"https:\/\/enriqueamat.es\/#website\"},\"datePublished\":\"2025-12-02T10:06:04+00:00\",\"dateModified\":\"2026-03-06T15:50:55+00:00\",\"breadcrumb\":{\"@id\":\"https:\/\/enriqueamat.es\/aviso-legal\/#breadcrumb\"},\"inLanguage\":\"en-GB\",\"potentialAction\":[{\"@type\":\"ReadAction\",\"target\":[\"https:\/\/enriqueamat.es\/aviso-legal\/\"]}]},{\"@type\":\"BreadcrumbList\",\"@id\":\"https:\/\/enriqueamat.es\/aviso-legal\/#breadcrumb\",\"itemListElement\":[{\"@type\":\"ListItem\",\"position\":1,\"name\":\"Portada\",\"item\":\"https:\/\/enriqueamat.es\/\"},{\"@type\":\"ListItem\",\"position\":2,\"name\":\"Aviso legal\"}]},{\"@type\":\"WebSite\",\"@id\":\"https:\/\/enriqueamat.es\/#website\",\"url\":\"https:\/\/enriqueamat.es\/\",\"name\":\"\",\"description\":\"\",\"potentialAction\":[{\"@type\":\"SearchAction\",\"target\":{\"@type\":\"EntryPoint\",\"urlTemplate\":\"https:\/\/enriqueamat.es\/?s={search_term_string}\"},\"query-input\":{\"@type\":\"PropertyValueSpecification\",\"valueRequired\":true,\"valueName\":\"search_term_string\"}}],\"inLanguage\":\"en-GB\"}]}<\/script>\n<!-- \/ Yoast SEO plugin. -->","yoast_head_json":{"title":"Aviso legal -","robots":{"index":"index","follow":"follow","max-snippet":"max-snippet:-1","max-image-preview":"max-image-preview:large","max-video-preview":"max-video-preview:-1"},"canonical":"https:\/\/enriqueamat.es\/en\/aviso-legal\/","og_locale":"en_GB","og_type":"article","og_title":"Aviso legal -","og_description":"Datos del titular del sitio web y dominio Nombre: Enrique Amat Amores CINIF: 34821977T Direcci\u00f3n: Calle \u00c1ngel Romero Elorriaga n\u00ba3,1\u00baD-30003-MURCIA Tel\u00e9fono de contacto: +34 968351699 \/ 683237728 Email: info@enriqueamat.es T\u00e9rminos generales Al acceder al sitio web www.enriqueamat.es, el usuario acepta quedar obligado por los T\u00e9rminos y Condiciones de Uso de Arco Valoraciones, y acepta ser [&hellip;]","og_url":"https:\/\/enriqueamat.es\/en\/aviso-legal\/","article_modified_time":"2026-03-06T15:50:55+00:00","twitter_card":"summary_large_image","schema":{"@context":"https:\/\/schema.org","@graph":[{"@type":"WebPage","@id":"https:\/\/enriqueamat.es\/aviso-legal\/","url":"https:\/\/enriqueamat.es\/aviso-legal\/","name":"Aviso legal -","isPartOf":{"@id":"https:\/\/enriqueamat.es\/#website"},"datePublished":"2025-12-02T10:06:04+00:00","dateModified":"2026-03-06T15:50:55+00:00","breadcrumb":{"@id":"https:\/\/enriqueamat.es\/aviso-legal\/#breadcrumb"},"inLanguage":"en-GB","potentialAction":[{"@type":"ReadAction","target":["https:\/\/enriqueamat.es\/aviso-legal\/"]}]},{"@type":"BreadcrumbList","@id":"https:\/\/enriqueamat.es\/aviso-legal\/#breadcrumb","itemListElement":[{"@type":"ListItem","position":1,"name":"Portada","item":"https:\/\/enriqueamat.es\/"},{"@type":"ListItem","position":2,"name":"Aviso legal"}]},{"@type":"WebSite","@id":"https:\/\/enriqueamat.es\/#website","url":"https:\/\/enriqueamat.es\/","name":"","description":"","potentialAction":[{"@type":"SearchAction","target":{"@type":"EntryPoint","urlTemplate":"https:\/\/enriqueamat.es\/?s={search_term_string}"},"query-input":{"@type":"PropertyValueSpecification","valueRequired":true,"valueName":"search_term_string"}}],"inLanguage":"en-GB"}]}},"_links":{"self":[{"href":"https:\/\/enriqueamat.es\/en\/wp-json\/wp\/v2\/pages\/1763","targetHints":{"allow":["GET"]}}],"collection":[{"href":"https:\/\/enriqueamat.es\/en\/wp-json\/wp\/v2\/pages"}],"about":[{"href":"https:\/\/enriqueamat.es\/en\/wp-json\/wp\/v2\/types\/page"}],"author":[{"embeddable":true,"href":"https:\/\/enriqueamat.es\/en\/wp-json\/wp\/v2\/users\/1"}],"replies":[{"embeddable":true,"href":"https:\/\/enriqueamat.es\/en\/wp-json\/wp\/v2\/comments?post=1763"}],"version-history":[{"count":19,"href":"https:\/\/enriqueamat.es\/en\/wp-json\/wp\/v2\/pages\/1763\/revisions"}],"predecessor-version":[{"id":1999,"href":"https:\/\/enriqueamat.es\/en\/wp-json\/wp\/v2\/pages\/1763\/revisions\/1999"}],"wp:attachment":[{"href":"https:\/\/enriqueamat.es\/en\/wp-json\/wp\/v2\/media?parent=1763"}],"curies":[{"name":"wp","href":"https:\/\/api.w.org\/{rel}","templated":true}]}}